{"id":1322,"date":"2019-06-22T09:01:41","date_gmt":"2019-06-22T07:01:41","guid":{"rendered":"http:\/\/biscoteaux-trail.fr\/?page_id=1322"},"modified":"2022-04-02T23:01:59","modified_gmt":"2022-04-02T21:01:59","slug":"photos_2019","status":"publish","type":"page","link":"https:\/\/biscoteaux-trail.fr\/?page_id=1322","title":{"rendered":"Photos de l&rsquo;\u00e9dition 2019"},"content":{"rendered":"\n<p>Cliquez ici pour avoir acc\u00e8s \u00e0 l&rsquo;ensemble des photos de l&rsquo;\u00e9dition 2019 : <a href=\"https:\/\/photos.app.goo.gl\/kYLfjGARGssMgHvH7\" target=\"_blank\" rel=\"noreferrer noopener\">Photos_BisCoteaux_Trail_2019<\/a><\/p>\n","protected":false},"excerpt":{"rendered":"<p>Cliquez ici pour avoir acc\u00e8s \u00e0 l&rsquo;ensemble des photos de l&rsquo;\u00e9dition 2019 : Photos_BisCoteaux_Trail_2019<\/p>\n","protected":false},"author":1,"featured_media":0,"parent":0,"menu_order":0,"comment_status":"closed","ping_status":"closed","template":"","meta":{"footnotes":""},"class_list":["post-1322","page","type-page","status-publish","hentry"],"_links":{"self":[{"href":"https:\/\/biscoteaux-trail.fr\/index.php?rest_route=\/wp\/v2\/pages\/1322","targetHints":{"allow":["GET"]}}],"collection":[{"href":"https:\/\/biscoteaux-trail.fr\/index.php?rest_route=\/wp\/v2\/pages"}],"about":[{"href":"https:\/\/biscoteaux-trail.fr\/index.php?rest_route=\/wp\/v2\/types\/page"}],"author":[{"embeddable":true,"href":"https:\/\/biscoteaux-trail.fr\/index.php?rest_route=\/wp\/v2\/users\/1"}],"replies":[{"embeddable":true,"href":"https:\/\/biscoteaux-trail.fr\/index.php?rest_route=%2Fwp%2Fv2%2Fcomments&post=1322"}],"version-history":[{"count":6,"href":"https:\/\/biscoteaux-trail.fr\/index.php?rest_route=\/wp\/v2\/pages\/1322\/revisions"}],"predecessor-version":[{"id":2212,"href":"https:\/\/biscoteaux-trail.fr\/index.php?rest_route=\/wp\/v2\/pages\/1322\/revisions\/2212"}],"wp:attachment":[{"href":"https:\/\/biscoteaux-trail.fr\/index.php?rest_route=%2Fwp%2Fv2%2Fmedia&parent=1322"}],"curies":[{"name":"wp","href":"https:\/\/api.w.org\/{rel}","templated":true}]}}